{"id":1591,"date":"2023-04-20T17:48:08","date_gmt":"2023-04-20T15:48:08","guid":{"rendered":"https:\/\/www.unterwasserproduktionen.de\/?page_id=1591"},"modified":"2023-07-02T14:58:32","modified_gmt":"2023-07-02T12:58:32","slug":"agb","status":"publish","type":"page","link":"https:\/\/www.unterwasserproduktionen.de\/en\/agb\/","title":{"rendered":"AGB ( Vermietung UW &#8211; Geh\u00e4use f\u00fcr Astera Tubes )"},"content":{"rendered":"<p>1) Auftragserteilung<br \/>\nS\u00e4mtliche Auftr\u00e4ge finden unter Anerkennung der nachfolgenden Gesch\u00e4ftsbedingungen statt. Sp\u00e4testens mit Erteilung eines Auftrages gelten die Gesch\u00e4ftsbedingungen als anerkannt. Bestellungen sind f\u00fcr den Mieter verbindlich. Eine Abholung gilt als Best\u00e4tigung.<br \/>\n2) Preise<br \/>\nSoweit vertraglich nicht anders vereinbart kommt die am Tag der Abholung g\u00fcltigen Preise zur Geltung. Es gelten die im Angebot angegeben Zahlungsbedingungen. Alle Mietreise gelten f\u00fcr einen Zeitrahmen von 24 Stunden sofern nicht anderslautend vereinbart.<br \/>\n3) Verleih<br \/>\nDie UW Geh\u00e4use (einschl. Zubeh\u00f6r) werden von mir in einwandfreiem und gepr\u00fcftem Zustand vermietet und zum vereinbarten Datum auch wieder einwandfrei zur\u00fcck erwartet. F\u00fcr Sch\u00e4den durch unsachgem\u00e4\u00dfen Einsatz der UW Geh\u00e4usen an den Leuchtmitteln haftet der Mieter.<br \/>\n4) R\u00fcckgabe<br \/>\nDie R\u00fcckgabe muss zum vereinbarten Datum erfolgen ansonsten ist der volle Tagesmietpreis je angefangenem Kalendertag zu entrichten. Soweit keine abweichende, schriftliche Vereinbarung getroffen wurde (z.B. beidseitig anerkannte Verl\u00e4ngerung des Mietzeitraums).Sollten die Geh\u00e4use nach Ablauf der eben genannten M\u00f6glichkeiten nicht zur\u00fcckgebracht werden so wird von Diebstahl ausgegangen.<br \/>\n5)Sch\u00e4den<br \/>\nDer Mieter haftet f\u00fcr s\u00e4mtliche Besch\u00e4digungen an den gemieteten Geh\u00e4usen (z.B. Zerst\u00f6rung, Bruch, etc ).<br \/>\n6) Fremdger\u00e4te<br \/>\nDie Verwendung der UW Geh\u00e4use ist nur mit den genannten Leuchtmittel statthaft.<br \/>\n7) Stornierung durch den Mieter<br \/>\nIm Falle einer Stornierung der Bestellung durch den Mieter fallen die folgenden Stornierungsgeb\u00fchren an: Bei Stornierung 10 Tage vor vertraglichem Mietbeginn 60% der Gesamtsumme, Stornierung bis 3 Tage vor vertraglichem Mietbeginn 80% von der Gesamtsumme. Die Stornierung bedarf der Schriftform. Ma\u00dfgeblich ist das Datum des Eingangs der Stornierung.<br \/>\n8) Salvatorische Klausel<br \/>\nSollten eine oder mehrere Bestimmungen des Vertrages, Angebots oder AGB ganz oder teilweise rechtsunwirksam sein, so wird dadurch die G\u00fcltigkeit der \u00fcbrigen Bestimmungen nicht ber\u00fchrt. An die Stelle der unwirksamen Bestimmungen tritt r\u00fcckwirkend eine inhaltlich m\u00f6glichst gleiche Regelung, die dem Zweck der gewollten Regelung am n\u00e4chsten kommt.<\/p>\n","protected":false},"excerpt":{"rendered":"<p>1) Auftragserteilung S\u00e4mtliche Auftr\u00e4ge finden unter Anerkennung der nachfolgenden Gesch\u00e4ftsbedingungen statt. Sp\u00e4testens mit Erteilung eines Auftrages gelten die Gesch\u00e4ftsbedingungen als anerkannt. Bestellungen sind f\u00fcr den Mieter verbindlich. Eine Abholung gilt als Best\u00e4tigung. 2) Preise Soweit vertraglich nicht anders vereinbart kommt die am Tag der Abholung g\u00fcltigen Preise zur Geltung. Es gelten die im Angebot angegeben &hellip; <a class=\"read-excerpt\" href=\"https:\/\/www.unterwasserproduktionen.de\/en\/agb\/\">Continue reading <span class=\"meta-nav\">&raquo;<\/span><\/a><\/p>\n","protected":false},"author":1,"featured_media":0,"parent":0,"menu_order":0,"comment_status":"closed","ping_status":"closed","template":"","meta":{"footnotes":""},"class_list":["post-1591","page","type-page","status-publish","hentry"],"translation":{"provider":"WPGlobus","version":"3.0.0","language":"en","enabled_languages":["de","en"],"languages":{"de":{"title":true,"content":true,"excerpt":false},"en":{"title":false,"content":false,"excerpt":false}}},"_links":{"self":[{"href":"https:\/\/www.unterwasserproduktionen.de\/en\/wp-json\/wp\/v2\/pages\/1591","targetHints":{"allow":["GET"]}}],"collection":[{"href":"https:\/\/www.unterwasserproduktionen.de\/en\/wp-json\/wp\/v2\/pages"}],"about":[{"href":"https:\/\/www.unterwasserproduktionen.de\/en\/wp-json\/wp\/v2\/types\/page"}],"author":[{"embeddable":true,"href":"https:\/\/www.unterwasserproduktionen.de\/en\/wp-json\/wp\/v2\/users\/1"}],"replies":[{"embeddable":true,"href":"https:\/\/www.unterwasserproduktionen.de\/en\/wp-json\/wp\/v2\/comments?post=1591"}],"version-history":[{"count":4,"href":"https:\/\/www.unterwasserproduktionen.de\/en\/wp-json\/wp\/v2\/pages\/1591\/revisions"}],"predecessor-version":[{"id":1648,"href":"https:\/\/www.unterwasserproduktionen.de\/en\/wp-json\/wp\/v2\/pages\/1591\/revisions\/1648"}],"wp:attachment":[{"href":"https:\/\/www.unterwasserproduktionen.de\/en\/wp-json\/wp\/v2\/media?parent=1591"}],"curies":[{"name":"wp","href":"https:\/\/api.w.org\/{rel}","templated":true}]}}